{"id":922,"date":"2021-06-01T20:29:49","date_gmt":"2021-06-01T19:29:49","guid":{"rendered":"http:\/\/n-e-joga.org\/portal\/?page_id=922"},"modified":"2021-06-02T08:47:33","modified_gmt":"2021-06-02T07:47:33","slug":"wejscie-w-sfery-nadzmyslowe","status":"publish","type":"page","link":"https:\/\/n-e-joga.org\/portal\/wejscie-w-sfery-nadzmyslowe\/","title":{"rendered":"Wej\u015bcie w sfery nadzmys\u0142owe"},"content":{"rendered":"<table style=\"border-collapse: collapse; width: 100%;\" border=\"1\">\n<tbody>\n<tr>\n<td style=\"width: 50%;\"><div class=\"eds-animate edsanimate-sis-hidden \" data-eds-entry-animation=\"bounceInLeft\" data-eds-entry-delay=\"1\" data-eds-entry-duration=\"1\" data-eds-entry-timing=\"linear\" data-eds-exit-animation=\"\" data-eds-exit-delay=\"\" data-eds-exit-duration=\"\" data-eds-exit-timing=\"\" data-eds-repeat-count=\"1\" data-eds-keep=\"yes\" data-eds-animate-on=\"load\" data-eds-scroll-offset=\"\"><img loading=\"lazy\" decoding=\"async\" class=\"aligncenter wp-image-923 size-medium\" src=\"http:\/\/n-e-joga.org\/portal\/wp-content\/uploads\/2021\/06\/okladka_ksiazki_2021_1-214x300.jpg\" alt=\"\" width=\"214\" height=\"300\" srcset=\"https:\/\/n-e-joga.org\/portal\/wp-content\/uploads\/2021\/06\/okladka_ksiazki_2021_1-214x300.jpg 214w, https:\/\/n-e-joga.org\/portal\/wp-content\/uploads\/2021\/06\/okladka_ksiazki_2021_1-731x1024.jpg 731w, https:\/\/n-e-joga.org\/portal\/wp-content\/uploads\/2021\/06\/okladka_ksiazki_2021_1-768x1075.jpg 768w, https:\/\/n-e-joga.org\/portal\/wp-content\/uploads\/2021\/06\/okladka_ksiazki_2021_1-86x120.jpg 86w, https:\/\/n-e-joga.org\/portal\/wp-content\/uploads\/2021\/06\/okladka_ksiazki_2021_1.jpg 857w\" sizes=\"auto, (max-width: 214px) 100vw, 214px\" \/><\/div><\/td>\n<td style=\"width: 50%;\">\n<p style=\"text-align: left;\">Marek Marciniak<\/p>\n<p style=\"text-align: left;\">&#8222;Wej\u015bcie w sfery nadzmys\u0142owe&#8221;<\/p>\n<p style=\"text-align: left;\">ISBN 978-83-959083-0-9<\/p>\n<p style=\"text-align: left;\">DATA WYDANIA : GRUDZIE\u0143 2020<\/p>\n<p style=\"text-align: left;\">FORMAT : B5<\/p>\n<p style=\"text-align: left;\">OPRAWA TWARDA EKOSK\u00d3RA<\/p>\n<p style=\"text-align: left;\">LICZBA STRON : 292<\/p>\n<p style=\"text-align: left;\">CENA W PRZEDP\u0141ACIE NA KONTO : 290 PLN (+koszt przesy\u0142ki)<\/p>\n<p style=\"text-align: left;\">Zam\u00f3wienia prosimy kierowa\u0107 bezpo\u015brednio na mail autora : nej.marekm@pro.onet.pl<\/p>\n<\/td>\n<\/tr>\n<\/tbody>\n<\/table>\n<div dir=\"auto\"><\/div>\n<div dir=\"auto\">D\u0142ugo wyczekiwana ksi\u0105\u017cka Marka Marciniaka &#8211; &#8222;Wej\u015bcie w sfery nadzmys\u0142owe&#8221;.<\/div>\n<div dir=\"auto\">Szczeg\u00f3\u0142owo o \u015bcie\u017cce jogi duchowej, o \u0107wiczeniach, inicjacjach, cia\u0142ach ni\u017cszych i wy\u017cszych. To swojego rodzaju rewolucja &#8211; kompendium prawdy o rzeczywistej naturze cz\u0142owieka oraz o \u015bwiecie ezoterycznym takim jakim jest naprawd\u0119.<\/div>\n","protected":false},"excerpt":{"rendered":"<p>Marek Marciniak &#8222;Wej\u015bcie w sfery nadzmys\u0142owe&#8221; ISBN 978-83-959083-0-9 DATA WYDANIA : GRUDZIE\u0143 2020 FORMAT : B5 OPRAWA TWARDA EKOSK\u00d3RA LICZBA STRON : 292 CENA W PRZEDP\u0141ACIE NA KONTO : 290 PLN (+koszt przesy\u0142ki) Zam\u00f3wienia prosimy kierowa\u0107 bezpo\u015brednio na mail autora : nej.marekm@pro.onet.pl D\u0142ugo wyczekiwana ksi\u0105\u017cka Marka Marciniaka &#8211; &#8222;Wej\u015bcie w sfery nadzmys\u0142owe&#8221;. Szczeg\u00f3\u0142owo o \u015bcie\u017cce [&hellip;]<\/p>\n","protected":false},"author":1,"featured_media":0,"parent":0,"menu_order":0,"comment_status":"closed","ping_status":"closed","template":"","meta":{"_lmt_disableupdate":"no","_lmt_disable":"","footnotes":""},"class_list":["post-922","page","type-page","status-publish","hentry"],"_links":{"self":[{"href":"https:\/\/n-e-joga.org\/portal\/wp-json\/wp\/v2\/pages\/922","targetHints":{"allow":["GET"]}}],"collection":[{"href":"https:\/\/n-e-joga.org\/portal\/wp-json\/wp\/v2\/pages"}],"about":[{"href":"https:\/\/n-e-joga.org\/portal\/wp-json\/wp\/v2\/types\/page"}],"author":[{"embeddable":true,"href":"https:\/\/n-e-joga.org\/portal\/wp-json\/wp\/v2\/users\/1"}],"replies":[{"embeddable":true,"href":"https:\/\/n-e-joga.org\/portal\/wp-json\/wp\/v2\/comments?post=922"}],"version-history":[{"count":12,"href":"https:\/\/n-e-joga.org\/portal\/wp-json\/wp\/v2\/pages\/922\/revisions"}],"predecessor-version":[{"id":951,"href":"https:\/\/n-e-joga.org\/portal\/wp-json\/wp\/v2\/pages\/922\/revisions\/951"}],"wp:attachment":[{"href":"https:\/\/n-e-joga.org\/portal\/wp-json\/wp\/v2\/media?parent=922"}],"curies":[{"name":"wp","href":"https:\/\/api.w.org\/{rel}","templated":true}]}}