{"id":65,"date":"2011-10-28T21:33:37","date_gmt":"2011-10-28T21:33:37","guid":{"rendered":"http:\/\/petrich.pl\/nej\/?page_id=65"},"modified":"2016-02-08T12:10:11","modified_gmt":"2016-02-08T11:10:11","slug":"terapia-i-przyjecia","status":"publish","type":"page","link":"https:\/\/n-e-joga.org\/portal\/terapia-i-przyjecia\/","title":{"rendered":"Terapia i przyj\u0119cia"},"content":{"rendered":"<div style=\"text-align: center;\" align=\"center\"><strong><strong>Mistrz Marek Marciniak przyjmuje pacjent\u00f3w<\/strong><\/strong><\/div>\n<h2 style=\"text-align: center;\" align=\"center\">WTOREK &#8211; PI\u0104TEK<\/h2>\n<div style=\"text-align: center;\" align=\"center\">w godzinach \u00a0<strong>10:00 &#8211; 20:00<\/strong><\/div>\n<p style=\"text-align: center;\"><span class=\"Apple-style-span\" style=\"font-size: 12px;\">Zapis\u00f3w telefonicznych mo\u017cna dokonywa\u0107<\/span><\/p>\n<div style=\"text-align: center;\" align=\"center\">w godzinach . <strong>14.00 &#8211; 16.00<\/strong><\/div>\n<div style=\"text-align: center;\" align=\"center\">pod numerem\u00a0 telefonu<\/div>\n<h2 style=\"text-align: center;\" align=\"center\"><strong>+48 602-371-686 <\/strong><\/h2>\n<h2 style=\"text-align: center;\" align=\"center\"><strong>lub <\/strong><\/h2>\n<h2 style=\"text-align: center;\" align=\"center\"><strong>+48 22 245-17-13<\/strong><\/h2>\n","protected":false},"excerpt":{"rendered":"<p>Mistrz Marek Marciniak przyjmuje pacjent\u00f3w WTOREK &#8211; PI\u0104TEK w godzinach \u00a010:00 &#8211; 20:00 Zapis\u00f3w telefonicznych mo\u017cna dokonywa\u0107 w godzinach . 14.00 &#8211; 16.00 pod numerem\u00a0 telefonu +48 602-371-686 lub +48 22 245-17-13<\/p>\n","protected":false},"author":1,"featured_media":0,"parent":0,"menu_order":3,"comment_status":"closed","ping_status":"closed","template":"","meta":{"_lmt_disableupdate":"","_lmt_disable":"","footnotes":""},"class_list":["post-65","page","type-page","status-publish","hentry"],"_links":{"self":[{"href":"https:\/\/n-e-joga.org\/portal\/wp-json\/wp\/v2\/pages\/65","targetHints":{"allow":["GET"]}}],"collection":[{"href":"https:\/\/n-e-joga.org\/portal\/wp-json\/wp\/v2\/pages"}],"about":[{"href":"https:\/\/n-e-joga.org\/portal\/wp-json\/wp\/v2\/types\/page"}],"author":[{"embeddable":true,"href":"https:\/\/n-e-joga.org\/portal\/wp-json\/wp\/v2\/users\/1"}],"replies":[{"embeddable":true,"href":"https:\/\/n-e-joga.org\/portal\/wp-json\/wp\/v2\/comments?post=65"}],"version-history":[{"count":2,"href":"https:\/\/n-e-joga.org\/portal\/wp-json\/wp\/v2\/pages\/65\/revisions"}],"predecessor-version":[{"id":530,"href":"https:\/\/n-e-joga.org\/portal\/wp-json\/wp\/v2\/pages\/65\/revisions\/530"}],"wp:attachment":[{"href":"https:\/\/n-e-joga.org\/portal\/wp-json\/wp\/v2\/media?parent=65"}],"curies":[{"name":"wp","href":"https:\/\/api.w.org\/{rel}","templated":true}]}}