{"id":565,"date":"2016-02-11T22:03:33","date_gmt":"2016-02-11T21:03:33","guid":{"rendered":"http:\/\/n-e-joga.org\/portal\/?page_id=565"},"modified":"2016-11-24T10:05:46","modified_gmt":"2016-11-24T09:05:46","slug":"seminaria-kursu-radiestezji","status":"publish","type":"page","link":"https:\/\/n-e-joga.org\/portal\/seminaria-kursu-radiestezji\/","title":{"rendered":"Seminaria Kursu Radiestezji"},"content":{"rendered":"<p style=\"text-align: center;\">kursu radiestezji<\/p>\n<p style=\"text-align: center;\">odb\u0119dzie si\u0119 w dniu<\/p>\n<h2 style=\"text-align: center;\"><span style=\"color: #ff9900;\"><strong>\u015aroda, 30.11.2016<\/strong><\/span><\/h2>\n<p style=\"text-align: center;\"><strong>o godzinie 19:00<\/strong><\/p>\n<p style=\"text-align: center;\">temat zaj\u0119\u0107:<\/p>\n<p style=\"text-align: center;\"><strong>teleradiestezja<br \/>\n<\/strong><\/p>\n","protected":false},"excerpt":{"rendered":"<p>kursu radiestezji odb\u0119dzie si\u0119 w dniu \u015aroda, 30.11.2016 o godzinie 19:00 temat zaj\u0119\u0107: teleradiestezja<\/p>\n","protected":false},"author":1,"featured_media":0,"parent":0,"menu_order":4,"comment_status":"closed","ping_status":"closed","template":"","meta":{"_lmt_disableupdate":"","_lmt_disable":"","footnotes":""},"class_list":["post-565","page","type-page","status-publish","hentry"],"_links":{"self":[{"href":"https:\/\/n-e-joga.org\/portal\/wp-json\/wp\/v2\/pages\/565","targetHints":{"allow":["GET"]}}],"collection":[{"href":"https:\/\/n-e-joga.org\/portal\/wp-json\/wp\/v2\/pages"}],"about":[{"href":"https:\/\/n-e-joga.org\/portal\/wp-json\/wp\/v2\/types\/page"}],"author":[{"embeddable":true,"href":"https:\/\/n-e-joga.org\/portal\/wp-json\/wp\/v2\/users\/1"}],"replies":[{"embeddable":true,"href":"https:\/\/n-e-joga.org\/portal\/wp-json\/wp\/v2\/comments?post=565"}],"version-history":[{"count":16,"href":"https:\/\/n-e-joga.org\/portal\/wp-json\/wp\/v2\/pages\/565\/revisions"}],"predecessor-version":[{"id":630,"href":"https:\/\/n-e-joga.org\/portal\/wp-json\/wp\/v2\/pages\/565\/revisions\/630"}],"wp:attachment":[{"href":"https:\/\/n-e-joga.org\/portal\/wp-json\/wp\/v2\/media?parent=565"}],"curies":[{"name":"wp","href":"https:\/\/api.w.org\/{rel}","templated":true}]}}