{"id":330,"date":"2016-02-01T22:49:11","date_gmt":"2016-02-01T22:49:11","guid":{"rendered":"http:\/\/n-e-joga.org\/portal\/?page_id=330"},"modified":"2016-02-08T12:09:26","modified_gmt":"2016-02-08T11:09:26","slug":"materialy-zewnetrzne","status":"publish","type":"page","link":"https:\/\/n-e-joga.org\/portal\/materialy-zewnetrzne\/","title":{"rendered":"Materia\u0142y zewn\u0119trzne"},"content":{"rendered":"<p>&nbsp;<\/p>\n<table border=\"0\" width=\"90%\" cellspacing=\"0\" cellpadding=\"0\">\n<tbody>\n<tr>\n<td width=\"64\"><a href=\"http:\/\/n-e-joga.org\/portal\/wp-content\/uploads\/2016\/02\/m_wywiad_01.pdf\"><img loading=\"lazy\" decoding=\"async\" class=\"size-thumbnail wp-image-107 aligncenter\" title=\"plik PDF : Energia z wszech\u015bwiata\" src=\"http:\/\/n-e-joga.org\/portal\/wp-content\/uploads\/2016\/02\/icon_large_pdf-white-1.png\" alt=\"\" width=\"30\" height=\"30\" \/><\/a><\/td>\n<td>Wywiad z Markiem Marciniakiem &#8211; Energia z wszech\u015bwiata<\/td>\n<\/tr>\n<tr>\n<td width=\"64\"><a href=\"http:\/\/n-e-joga.org\/portal\/wp-content\/uploads\/2016\/02\/m_wywiad_02.pdf\"><img loading=\"lazy\" decoding=\"async\" class=\"size-thumbnail wp-image-107 aligncenter\" title=\"plik PDF : Ods\u0142oni\u0107 prawd\u0119 o cz\u0142owieku\" src=\"http:\/\/n-e-joga.org\/portal\/wp-content\/uploads\/2016\/02\/icon_large_pdf-white-1.png\" alt=\"\" width=\"30\" height=\"30\" \/><\/a><\/td>\n<td>Wywiad z Markiem Marciniakiem &#8211; Ods\u0142oni\u0107 prawd\u0119 o cz\u0142owieku<\/td>\n<\/tr>\n<tr>\n<td width=\"64\"><a href=\"http:\/\/n-e-joga.org\/portal\/wp-content\/uploads\/2016\/02\/nej_pulsar.pdf\"><img loading=\"lazy\" decoding=\"async\" class=\"size-thumbnail wp-image-107 aligncenter\" title=\"plik PDF : Pulsar 9\/2015\" src=\"http:\/\/n-e-joga.org\/portal\/wp-content\/uploads\/2016\/02\/icon_large_pdf-white-1.png\" alt=\"\" width=\"30\" height=\"30\" \/><\/a><\/td>\n<td>Artyku\u0142 z austriackiego czasopisma Pulsar 9\/2015 o NEJ<\/td>\n<\/tr>\n<tr>\n<td width=\"64\"><a href=\"http:\/\/n-e-joga.org\/portal\/wp-content\/uploads\/2016\/02\/m_targi_wien_2015.jpg\"><img loading=\"lazy\" decoding=\"async\" class=\"size-thumbnail wp-image-107 aligncenter\" title=\"obraz PNG : Ulotka z targ\u00f3w Wiede\u0144 2015\" src=\"http:\/\/n-e-joga.org\/portal\/wp-content\/uploads\/2016\/02\/jpg_icon_yellow.png\" alt=\"\" width=\"30\" height=\"30\" \/><\/a><\/td>\n<td>Ulotka NEJ z targ\u00f3w ezoterycznych we Wiedniu (2015)<\/td>\n<\/tr>\n<\/tbody>\n<\/table>\n","protected":false},"excerpt":{"rendered":"<p>&nbsp; Wywiad z Markiem Marciniakiem &#8211; Energia z wszech\u015bwiata Wywiad z Markiem Marciniakiem &#8211; Ods\u0142oni\u0107 prawd\u0119 o cz\u0142owieku Artyku\u0142 z austriackiego czasopisma Pulsar 9\/2015 o NEJ Ulotka NEJ z targ\u00f3w ezoterycznych we Wiedniu (2015)<\/p>\n","protected":false},"author":1,"featured_media":0,"parent":0,"menu_order":222,"comment_status":"closed","ping_status":"closed","template":"","meta":{"_lmt_disableupdate":"","_lmt_disable":"","footnotes":""},"class_list":["post-330","page","type-page","status-publish","hentry"],"_links":{"self":[{"href":"https:\/\/n-e-joga.org\/portal\/wp-json\/wp\/v2\/pages\/330","targetHints":{"allow":["GET"]}}],"collection":[{"href":"https:\/\/n-e-joga.org\/portal\/wp-json\/wp\/v2\/pages"}],"about":[{"href":"https:\/\/n-e-joga.org\/portal\/wp-json\/wp\/v2\/types\/page"}],"author":[{"embeddable":true,"href":"https:\/\/n-e-joga.org\/portal\/wp-json\/wp\/v2\/users\/1"}],"replies":[{"embeddable":true,"href":"https:\/\/n-e-joga.org\/portal\/wp-json\/wp\/v2\/comments?post=330"}],"version-history":[{"count":7,"href":"https:\/\/n-e-joga.org\/portal\/wp-json\/wp\/v2\/pages\/330\/revisions"}],"predecessor-version":[{"id":550,"href":"https:\/\/n-e-joga.org\/portal\/wp-json\/wp\/v2\/pages\/330\/revisions\/550"}],"wp:attachment":[{"href":"https:\/\/n-e-joga.org\/portal\/wp-json\/wp\/v2\/media?parent=330"}],"curies":[{"name":"wp","href":"https:\/\/api.w.org\/{rel}","templated":true}]}}