{"id":135,"date":"2011-10-28T23:12:25","date_gmt":"2011-10-28T23:12:25","guid":{"rendered":"http:\/\/petrich.pl\/nej\/?page_id=135"},"modified":"2016-02-08T12:08:51","modified_gmt":"2016-02-08T11:08:51","slug":"materac-terapeutyczny","status":"publish","type":"page","link":"https:\/\/n-e-joga.org\/portal\/materac-terapeutyczny\/","title":{"rendered":"Materac terapeutyczny"},"content":{"rendered":"<p style=\"text-align: justify;\">Materac terapeutyczno- relaksacyjny jest znakomitym przyrz\u0105dem do prowadzenia codziennej terapii i wypoczynku.<\/p>\n<div align=\"center\"><\/div>\n<p style=\"text-align: justify;\"><img loading=\"lazy\" decoding=\"async\" class=\"alignleft wp-image-235 size-medium\" src=\"http:\/\/n-e-joga.org\/portal\/wp-content\/uploads\/2016\/02\/materac.png\" alt=\"materac_grey\" width=\"300\" height=\"200\" \/>Materac mo\u017ce by\u0107 u\u017cywany zar\u00f3wno do spania, jak i do reIaksuj\u0105cego wypoczynku.<\/p>\n<p style=\"text-align: justify;\">W komorach materaca znajduje si\u0119 substancja, b\u0119d\u0105ca mieszanin\u0105 nasion odpowiednio dobranych zi\u00f3\u0142 wraz z dodatkiem specyficznego sk\u0142adnika organicznego, kt\u00f3ry ponad dziesi\u0119ciokrotnie wzmacnia naturalne promieniowanie nasion.<\/p>\n<p style=\"text-align: justify;\">Substancja wype\u0142niaj\u0105ca materac emituje bioenergi\u0119 o barwie bia\u0142ofioletowej &#8211; jej oddzia\u0142ywanie na \u017cywy organizm jest wszechstronne i g\u0142\u0119bokie.<\/p>\n<p>&nbsp;<\/p>\n<p style=\"text-align: justify;\">U\u017cywanie materaca jest szczeg\u00f3lnie skuteczne w przypadkach<\/p>\n<ul style=\"text-align: justify;\">\n<li>\n<div align=\"left\">wspierania naturalnego procesu samouzdrawiania;<\/div>\n<\/li>\n<li>\n<div align=\"left\">przywracania psychicznej harmonii i dobrego samopoczucia;<\/div>\n<\/li>\n<li>\n<div align=\"left\">usuwania blokad i osi\u0105gania pe\u0142nego odpr\u0119\u017cenia;<\/div>\n<\/li>\n<li>\n<div align=\"left\">oczyszczania organizmu z toksyn, wspomagania proces\u00f3w oczyszczania podczas odchudzania<\/div>\n<\/li>\n<li>\n<div align=\"left\">leczenia schorze\u0144 reumatycznych zmian zwyrodnieniowych staw\u00f3w, dyskopatii, b\u00f3l\u00f3w g\u0142owy, neuralgii;<\/div>\n<\/li>\n<li>\n<div align=\"left\">eliminowania skutk\u00f3w szkodliwego promieniowania urz\u0105dze\u0144 technicznych (np. komputera), \u017cy\u0142 wodnych i wszelkich smog\u00f3w energetycznych oraz zabezpieczania przed ich szkodliwym dzia\u0142aniem;<\/div>\n<\/li>\n<li>\n<div align=\"left\">zapobiegania odle\u017cynom i szybszego ich leczenia.<\/div>\n<\/li>\n<li>\n<div align=\"left\">Materac mo\u017ce by\u0107 r\u00f3wnie\u017c stosowany w terapii zwierz\u0105t.<\/div>\n<\/li>\n<\/ul>\n<div align=\"justify\">\n<div style=\"text-align: justify;\" align=\"justify\">\n<p><span style=\"color: #ffff00;\"><strong>Producent oferuje materace w dw\u00f3ch rozmiarach:<\/strong><\/span><\/p>\n<p><strong><span style=\"color: #ffff00;\">du\u017cy<\/span>\u00a0<\/strong>&#8211; o wymiarach 195 cm x 75cm, zawieraj\u0105cy 43 komory z wype\u0142niaczem.<\/p>\n<p><span style=\"color: #ffff00;\"><strong>ma\u0142y<\/strong><\/span>\u00a0&#8211; o wymiarach 130 cm x 65cm, zawieraj\u0105cym 29 kom\u00f3r z wype\u0142niaczem.<\/p>\n<p>&nbsp;<\/p>\n<\/div>\n<div style=\"text-align: justify;\" align=\"justify\"><strong>Wz\u00f3r u\u017cytkowy materaca oraz sk\u0142ad wype\u0142niacza podlegaj\u0105 ochronie prawnopatentowej poprzez zastrze\u017cenie ich w Urz\u0119dzie Patentowym RP:<\/strong><\/div>\n<ul>\n<li style=\"text-align: justify;\">Wz\u00f3r u\u017cytkowy materaca &#8211; pod numerem 59664<\/li>\n<li style=\"text-align: justify;\">Sk\u0142ad wype\u0142niacza (patent) &#8211; pod numerem 187173<\/li>\n<\/ul>\n<\/div>\n","protected":false},"excerpt":{"rendered":"<p>Materac terapeutyczno- relaksacyjny jest znakomitym przyrz\u0105dem do prowadzenia codziennej terapii i wypoczynku. Materac mo\u017ce by\u0107 u\u017cywany zar\u00f3wno do spania, jak i do reIaksuj\u0105cego wypoczynku. W komorach materaca znajduje si\u0119 substancja, b\u0119d\u0105ca mieszanin\u0105 nasion odpowiednio dobranych zi\u00f3\u0142 wraz z dodatkiem specyficznego sk\u0142adnika organicznego, kt\u00f3ry ponad dziesi\u0119ciokrotnie wzmacnia naturalne promieniowanie nasion. Substancja wype\u0142niaj\u0105ca materac emituje bioenergi\u0119 o [&hellip;]<\/p>\n","protected":false},"author":1,"featured_media":0,"parent":0,"menu_order":205,"comment_status":"closed","ping_status":"closed","template":"","meta":{"_lmt_disableupdate":"","_lmt_disable":"","footnotes":""},"class_list":["post-135","page","type-page","status-publish","hentry"],"_links":{"self":[{"href":"https:\/\/n-e-joga.org\/portal\/wp-json\/wp\/v2\/pages\/135","targetHints":{"allow":["GET"]}}],"collection":[{"href":"https:\/\/n-e-joga.org\/portal\/wp-json\/wp\/v2\/pages"}],"about":[{"href":"https:\/\/n-e-joga.org\/portal\/wp-json\/wp\/v2\/types\/page"}],"author":[{"embeddable":true,"href":"https:\/\/n-e-joga.org\/portal\/wp-json\/wp\/v2\/users\/1"}],"replies":[{"embeddable":true,"href":"https:\/\/n-e-joga.org\/portal\/wp-json\/wp\/v2\/comments?post=135"}],"version-history":[{"count":8,"href":"https:\/\/n-e-joga.org\/portal\/wp-json\/wp\/v2\/pages\/135\/revisions"}],"predecessor-version":[{"id":494,"href":"https:\/\/n-e-joga.org\/portal\/wp-json\/wp\/v2\/pages\/135\/revisions\/494"}],"wp:attachment":[{"href":"https:\/\/n-e-joga.org\/portal\/wp-json\/wp\/v2\/media?parent=135"}],"curies":[{"name":"wp","href":"https:\/\/api.w.org\/{rel}","templated":true}]}}