{"id":123,"date":"2011-10-28T22:59:33","date_gmt":"2011-10-28T22:59:33","guid":{"rendered":"http:\/\/petrich.pl\/nej\/?page_id=123"},"modified":"2016-02-08T12:08:36","modified_gmt":"2016-02-08T11:08:36","slug":"smok-z-runami","status":"publish","type":"page","link":"https:\/\/n-e-joga.org\/portal\/smok-z-runami\/","title":{"rendered":"Smok z runami"},"content":{"rendered":"<h2 style=\"text-align: justify;\" align=\"center\"><strong>Symbol &#8222;Nowej Europejskiej Jogi&#8221;<\/strong><\/h2>\n<p style=\"text-align: justify;\">Medalion posiada ukryte symbole. Symbole te w po\u0142\u0105czeniu z runami umo\u017cliwiaj\u0105 przep\u0142yw z\u0142otej energii. Pozyskana w ten spos\u00f3b energia wnika w aur\u0119 osoby u\u017cywaj\u0105cej medalionu i podwy\u017csza jej wibracje.<\/p>\n<div class=\"animated fadeIn delay2 duration2\"><\/p>\n<div style=\"text-align: justify;\" align=\"center\"><img loading=\"lazy\" decoding=\"async\" class=\"alignleft wp-image-125 size-full\" title=\"Smok z runami - widok z g\u00f3ry\" src=\"http:\/\/n-e-joga.org\/portal\/wp-content\/uploads\/2016\/02\/smok_z_runami.png\" alt=\"\" width=\"305\" height=\"204\" \/><\/div>\n<p><\/div>\n<div style=\"text-align: justify;\" align=\"center\">Aura o wy\u017cszych wibracjach przyci\u0105ga podobne energie, co w efekcie prowadzi do wzrostu powodzenia i szcz\u0119\u015bcia. Chroni przed niebezpiecze\u0144stwami i uodparnia na wszelkie negatywne wp\u0142ywy. Ma w\u0142a\u015bciwo\u015bci uzdrawiaj\u0105ce, przywraca zaburzone funkcje organizmu, u\u015bmierza b\u00f3l.<\/div>\n<div align=\"center\">\n<p style=\"text-align: justify;\"><span style=\"color: #ffff00;\"><strong>W\u0142a\u015bciciel SMOKA Z RUNAMI staje si\u0119 wra\u017cliwy na uniwersaln\u0105 prawd\u0119 w stopniu o wiele wi\u0119kszym ni\u017c dotychczas.<\/strong><\/span><\/p>\n<p style=\"text-align: justify;\"><span style=\"color: #ff0000;\">Smok wyst\u0119puje w wersji ze srebra, poz\u0142acanej oraz z\u0142otej (na zam\u00f3wienie).<\/span><\/p>\n<\/div>\n","protected":false},"excerpt":{"rendered":"<p>Symbol &#8222;Nowej Europejskiej Jogi&#8221; Medalion posiada ukryte symbole. Symbole te w po\u0142\u0105czeniu z runami umo\u017cliwiaj\u0105 przep\u0142yw z\u0142otej energii. Pozyskana w ten spos\u00f3b energia wnika w aur\u0119 osoby u\u017cywaj\u0105cej medalionu i podwy\u017csza jej wibracje. Aura o wy\u017cszych wibracjach przyci\u0105ga podobne energie, co w efekcie prowadzi do wzrostu powodzenia i szcz\u0119\u015bcia. Chroni przed niebezpiecze\u0144stwami i uodparnia na [&hellip;]<\/p>\n","protected":false},"author":1,"featured_media":0,"parent":0,"menu_order":204,"comment_status":"closed","ping_status":"closed","template":"","meta":{"_lmt_disableupdate":"","_lmt_disable":"","footnotes":""},"class_list":["post-123","page","type-page","status-publish","hentry"],"_links":{"self":[{"href":"https:\/\/n-e-joga.org\/portal\/wp-json\/wp\/v2\/pages\/123","targetHints":{"allow":["GET"]}}],"collection":[{"href":"https:\/\/n-e-joga.org\/portal\/wp-json\/wp\/v2\/pages"}],"about":[{"href":"https:\/\/n-e-joga.org\/portal\/wp-json\/wp\/v2\/types\/page"}],"author":[{"embeddable":true,"href":"https:\/\/n-e-joga.org\/portal\/wp-json\/wp\/v2\/users\/1"}],"replies":[{"embeddable":true,"href":"https:\/\/n-e-joga.org\/portal\/wp-json\/wp\/v2\/comments?post=123"}],"version-history":[{"count":15,"href":"https:\/\/n-e-joga.org\/portal\/wp-json\/wp\/v2\/pages\/123\/revisions"}],"predecessor-version":[{"id":551,"href":"https:\/\/n-e-joga.org\/portal\/wp-json\/wp\/v2\/pages\/123\/revisions\/551"}],"wp:attachment":[{"href":"https:\/\/n-e-joga.org\/portal\/wp-json\/wp\/v2\/media?parent=123"}],"curies":[{"name":"wp","href":"https:\/\/api.w.org\/{rel}","templated":true}]}}