{"id":11,"date":"2011-10-28T19:05:20","date_gmt":"2011-10-28T19:05:20","guid":{"rendered":"http:\/\/petrich.pl\/nej\/?page_id=11"},"modified":"2024-01-19T17:32:59","modified_gmt":"2024-01-19T16:32:59","slug":"mistrz-marek-marciniak","status":"publish","type":"page","link":"https:\/\/n-e-joga.org\/portal\/","title":{"rendered":"Mistrz Marek Marciniak"},"content":{"rendered":"<table style=\"width: 100%;\" cellspacing=\"0\" cellpadding=\"0\">\n<tbody>\n<tr>\n<td style=\"width: 70%; vertical-align: top;\">\n<h3><strong>brat Marek Marciniak<\/strong><\/h3>\n<h3>Uzdrowiciel i Jasnowidz<\/h3>\n<h3>Lekarz Medycyny Zakonnej<\/h3>\n<h3>Tw\u00f3rca Nowej Europejskiej\u00a0Jogi<\/h3>\n<p>Bioenergoterapia<\/p>\n<div>\n<div align=\"justify\">\n<div align=\"left\">\n<ul>\n<li>Naturalne uzdrawianie<\/li>\n<li>Psychoterapia wed\u0142ug metod mistrz\u00f3w filipi\u0144skich<\/li>\n<li>Operacje fantomowe<\/li>\n<li>Wtajemniczenia Nowej Europejskiej Jogi<\/li>\n<li>Egzorcyzmowanie ludzi i obiekt\u00f3w<\/li>\n<\/ul>\n<\/div>\n<\/div>\n<\/div>\n<\/td>\n<td style=\"vertical-align: top;\" rowspan=\"4\"><div class=\"animated zoomIn delay2 duration4\"><\/p>\n<p><center><img loading=\"lazy\" decoding=\"async\" class=\"aligncenter size-medium wp-image-313\" src=\"http:\/\/n-e-joga.org\/portal\/wp-content\/uploads\/2016\/02\/marek_zdjecie2_round.png\" alt=\"marek_zdjecie\" width=\"188\" height=\"250\" border=\"5\" \/><br \/>\nMistrz Marek Marciniak<\/center><\/div><\/p>\n<div class=\"animated bounceIn delay4 duration2\">\n<p><center><img loading=\"lazy\" decoding=\"async\" class=\"aligncenter wp-image-313 size-medium\" src=\"http:\/\/n-e-joga.org\/portal\/wp-content\/uploads\/2016\/02\/whoiswho2.png\" alt=\"marek_zdjecie\" width=\"130\" height=\"130\" border=\"0\" \/><\/center><br \/>\n<\/div><\/td>\n<\/tr>\n<tr>\n<td style=\"width: 70%; text-align: justify;\">\n<p class=\"western\" align=\"left\">\n<p>Marek Marciniak jest jasnowidzem, uzdrowicielem, oraz Lekarzem Medycyny Zakonnej, uczniem najwybitniejszych Mistrz\u00f3w. Udziela wtajemnicze\u0144 jogi i dokonuje inicjacji. Na \u015bcie\u017ck\u0119 wst\u0105pi\u0142 b\u0119d\u0105c jeszcze bardzo m\u0142odym szukaj\u0105cym wiedzy o sferach nadzmys\u0142owych. Od tego czasu pomaga potrzebuj\u0105cym r\u00f3\u017cnymi niekonwencjonalnymi sposobami w\u0142\u0105czaj\u0105c w to \u015bwiecowanie uszu (metod\u0105 Indian Hopi) oraz zio\u0142olecznictwem. Jego unikalna metoda terapii, oparta na w\u0142asnej praktyce i na wiedzy przekazanej przez uznane autorytety ezoteryczne zapewni\u0142a niespotykan\u0105 skuteczno\u015b\u0107.<\/p>\n<p>Do\u015bwiadczenia autora leg\u0142y u podstaw za\u0142o\u017cenia szko\u0142y, kt\u00f3rej program jest dostosowany do wsp\u00f3\u0142czesnych Europejczyk\u00f3w, a przy tym w pe\u0142ni bezpieczny oraz gwarantuj\u0105cy post\u0119p na \u015bcie\u017cce duchowej. Tak powsta\u0142a Nowa Europejska Joga. Mistrz inicjuje adepta wed\u0142ug swojej szko\u0142y, a tak\u017ce s\u0142u\u017cy przewodnictwem i doradztwem na drodze w \u015bwiaty nadzmys\u0142owe.<\/p>\n<p>Przyk\u0142adem uznania osi\u0105gni\u0119\u0107 autora przez gremia mi\u0119dzynarodowe jest umieszczenie biografii Marka Marciniaka w polskiej edycji presti\u017cowego wydawnictwa <em>H\u00fcbner\u2019s Who is Who<\/em>, leksykonu najwybitniejszych os\u00f3b z r\u00f3\u017cnych dziedzin \u017cycia.<\/td>\n<\/tr>\n<tr>\n<td style=\"width: 70%; text-align: justify; vertical-align: top;\"><\/td>\n<\/tr>\n<tr>\n<td style=\"width: 70%; text-align: justify; vertical-align: top;\">Wizerunek i nazwa szko\u0142y: &#8222;NOWA EUROPEJSKA JOGA i jej pochodne&#8221; zosta\u0142 zg\u0142oszony do Urz\u0119du Patentowego RP w dniu 03\/12\/2001 r. pod numerem 243796. Ochron\u0119 prawno-patentow\u0105 uzyska\u0142 pod numerem 164707.<\/td>\n<\/tr>\n<\/tbody>\n<\/table>\n<div><\/div>\n","protected":false},"excerpt":{"rendered":"<p>brat Marek Marciniak Uzdrowiciel i Jasnowidz Lekarz Medycyny Zakonnej Tw\u00f3rca Nowej Europejskiej\u00a0Jogi Bioenergoterapia Naturalne uzdrawianie Psychoterapia wed\u0142ug metod mistrz\u00f3w filipi\u0144skich Operacje fantomowe Wtajemniczenia Nowej Europejskiej Jogi Egzorcyzmowanie ludzi i obiekt\u00f3w Marek Marciniak jest jasnowidzem, uzdrowicielem, oraz Lekarzem Medycyny Zakonnej, uczniem najwybitniejszych Mistrz\u00f3w. Udziela wtajemnicze\u0144 jogi i dokonuje inicjacji. Na \u015bcie\u017ck\u0119 wst\u0105pi\u0142 b\u0119d\u0105c jeszcze bardzo m\u0142odym [&hellip;]<\/p>\n","protected":false},"author":1,"featured_media":0,"parent":0,"menu_order":203,"comment_status":"closed","ping_status":"closed","template":"","meta":{"_lmt_disableupdate":"no","_lmt_disable":"","footnotes":""},"class_list":["post-11","page","type-page","status-publish","hentry"],"_links":{"self":[{"href":"https:\/\/n-e-joga.org\/portal\/wp-json\/wp\/v2\/pages\/11","targetHints":{"allow":["GET"]}}],"collection":[{"href":"https:\/\/n-e-joga.org\/portal\/wp-json\/wp\/v2\/pages"}],"about":[{"href":"https:\/\/n-e-joga.org\/portal\/wp-json\/wp\/v2\/types\/page"}],"author":[{"embeddable":true,"href":"https:\/\/n-e-joga.org\/portal\/wp-json\/wp\/v2\/users\/1"}],"replies":[{"embeddable":true,"href":"https:\/\/n-e-joga.org\/portal\/wp-json\/wp\/v2\/comments?post=11"}],"version-history":[{"count":55,"href":"https:\/\/n-e-joga.org\/portal\/wp-json\/wp\/v2\/pages\/11\/revisions"}],"predecessor-version":[{"id":1038,"href":"https:\/\/n-e-joga.org\/portal\/wp-json\/wp\/v2\/pages\/11\/revisions\/1038"}],"wp:attachment":[{"href":"https:\/\/n-e-joga.org\/portal\/wp-json\/wp\/v2\/media?parent=11"}],"curies":[{"name":"wp","href":"https:\/\/api.w.org\/{rel}","templated":true}]}}