{"id":102,"date":"2011-10-28T22:40:05","date_gmt":"2011-10-28T22:40:05","guid":{"rendered":"http:\/\/petrich.pl\/nej\/?page_id=102"},"modified":"2018-05-31T10:52:24","modified_gmt":"2018-05-31T09:52:24","slug":"materialy-do-pobrania","status":"publish","type":"page","link":"https:\/\/n-e-joga.org\/portal\/materialy-do-pobrania\/","title":{"rendered":"Materia\u0142y w\u0142asne"},"content":{"rendered":"<p>&nbsp;<\/p>\n<table border=\"0px\" width=\"90%\" cellspacing=\"0\" cellpadding=\"0\">\n<tbody>\n<tr>\n<td><a href=\"http:\/\/n-e-joga.org\/portal\/wp-content\/uploads\/2016\/02\/m_joga_2015.pdf\"><img loading=\"lazy\" decoding=\"async\" class=\"size-thumbnail wp-image-107 aligncenter\" title=\"plik PDF : Joga wczoraj i dzi\u015b\" src=\"http:\/\/n-e-joga.org\/portal\/wp-content\/uploads\/2016\/02\/icon_large_pdf-white-1.png\" alt=\"\" width=\"30\" height=\"30\" \/><\/a><\/td>\n<td>&#8222;Joga wczoraj i dzi\u015b&#8221; \/ akt. 6.05.2015 \/ &#8211; Prelekcja<\/td>\n<\/tr>\n<tr>\n<td><a href=\"http:\/\/n-e-joga.org\/portal\/wp-content\/uploads\/2018\/02\/nowe_odzywanie.pdf\"><img loading=\"lazy\" decoding=\"async\" class=\"size-thumbnail wp-image-107 aligncenter\" title=\"plik PDF : Od\u017cywianie\" src=\"http:\/\/n-e-joga.org\/portal\/wp-content\/uploads\/2016\/02\/icon_large_pdf-white-1.png\" alt=\"\" width=\"30\" height=\"30\" \/><\/a><\/td>\n<td>Marek Marciniak &#8211; Od\u017cywianie \/ rozdzia\u0142 ksi\u0105\u017cki &#8211; aktualizacja 01\/2018\/<\/td>\n<\/tr>\n<tr>\n<td><a href=\"http:\/\/n-e-joga.org\/portal\/wp-content\/uploads\/2018\/02\/nowe_oczyszczanie.pdf\"><img loading=\"lazy\" decoding=\"async\" class=\"size-thumbnail wp-image-107 aligncenter\" title=\"plik PDF : Oczyszczanie\" src=\"http:\/\/n-e-joga.org\/portal\/wp-content\/uploads\/2016\/02\/icon_large_pdf-white-1.png\" alt=\"\" width=\"30\" height=\"30\" \/><\/a><\/td>\n<td>Marek Marciniak &#8211; Oczyszczanie\u00a0\/ rozdzia\u0142 ksi\u0105\u017cki \/ aktualizacja 01\/2018\/<\/td>\n<\/tr>\n<tr>\n<td><a href=\"http:\/\/n-e-joga.org\/portal\/wp-content\/uploads\/2011\/10\/m_homeopatia.pdf\"><img loading=\"lazy\" decoding=\"async\" class=\"size-thumbnail wp-image-107 aligncenter\" title=\"plik PDF : Homeopatia\" src=\"http:\/\/n-e-joga.org\/portal\/wp-content\/uploads\/2016\/02\/icon_large_pdf-white-1.png\" alt=\"\" width=\"30\" height=\"30\" \/><\/a><\/td>\n<td>Marek Marciniak &#8211; Homeopatia \/ akt 4.04.2009 \/<\/td>\n<\/tr>\n<tr>\n<td><a href=\"http:\/\/n-e-joga.org\/portal\/wp-content\/uploads\/2016\/02\/m_unicestwic.pdf\"><img loading=\"lazy\" decoding=\"async\" class=\"size-thumbnail wp-image-107 aligncenter\" title=\"plik PDF : Unicestwi\u0107 cz\u0142owieka prawego!\" src=\"http:\/\/n-e-joga.org\/portal\/wp-content\/uploads\/2016\/02\/icon_large_pdf-white-1.png\" alt=\"\" width=\"30\" height=\"30\" \/><\/a><\/td>\n<td>Marek Marciniak &#8211;\u00a0Unicestwi\u0107 cz\u0142owieka prawego!<\/td>\n<\/tr>\n<tr>\n<td><a href=\"http:\/\/n-e-joga.org\/portal\/wp-content\/uploads\/2018\/05\/m_uzdrawianie_raka.pdf\"><img loading=\"lazy\" decoding=\"async\" class=\"size-thumbnail wp-image-107 aligncenter\" title=\"plik PDF : Wiedza ezoteryczna a zwalczanie nowotworu z\u0142o\u015bliwego\" src=\"http:\/\/n-e-joga.org\/portal\/wp-content\/uploads\/2016\/02\/icon_large_pdf-white-1.png\" alt=\"\" width=\"30\" height=\"30\" \/><\/a><\/td>\n<td>Marek Marciniak &#8211; Wiedza ezoteryczna a zwalczanie nowotworu z\u0142o\u015bliwego \/rozdzia\u0142 ksi\u0105\u017cki &#8211; 30.05.2018\/ <\/td>\n<\/tr>\n<\/tbody>\n<\/table>\n<p>&nbsp;<\/p>\n","protected":false},"excerpt":{"rendered":"<p>&nbsp; &#8222;Joga wczoraj i dzi\u015b&#8221; \/ akt. 6.05.2015 \/ &#8211; Prelekcja Marek Marciniak &#8211; Od\u017cywianie \/ rozdzia\u0142 ksi\u0105\u017cki &#8211; aktualizacja 01\/2018\/ Marek Marciniak &#8211; Oczyszczanie\u00a0\/ rozdzia\u0142 ksi\u0105\u017cki \/ aktualizacja 01\/2018\/ Marek Marciniak &#8211; Homeopatia \/ akt 4.04.2009 \/ Marek Marciniak &#8211;\u00a0Unicestwi\u0107 cz\u0142owieka prawego! Marek Marciniak &#8211; Wiedza ezoteryczna a zwalczanie nowotworu z\u0142o\u015bliwego \/rozdzia\u0142 ksi\u0105\u017cki &#8211; [&hellip;]<\/p>\n","protected":false},"author":1,"featured_media":0,"parent":0,"menu_order":221,"comment_status":"closed","ping_status":"closed","template":"","meta":{"_lmt_disableupdate":"","_lmt_disable":"","footnotes":""},"class_list":["post-102","page","type-page","status-publish","hentry"],"_links":{"self":[{"href":"https:\/\/n-e-joga.org\/portal\/wp-json\/wp\/v2\/pages\/102","targetHints":{"allow":["GET"]}}],"collection":[{"href":"https:\/\/n-e-joga.org\/portal\/wp-json\/wp\/v2\/pages"}],"about":[{"href":"https:\/\/n-e-joga.org\/portal\/wp-json\/wp\/v2\/types\/page"}],"author":[{"embeddable":true,"href":"https:\/\/n-e-joga.org\/portal\/wp-json\/wp\/v2\/users\/1"}],"replies":[{"embeddable":true,"href":"https:\/\/n-e-joga.org\/portal\/wp-json\/wp\/v2\/comments?post=102"}],"version-history":[{"count":34,"href":"https:\/\/n-e-joga.org\/portal\/wp-json\/wp\/v2\/pages\/102\/revisions"}],"predecessor-version":[{"id":782,"href":"https:\/\/n-e-joga.org\/portal\/wp-json\/wp\/v2\/pages\/102\/revisions\/782"}],"wp:attachment":[{"href":"https:\/\/n-e-joga.org\/portal\/wp-json\/wp\/v2\/media?parent=102"}],"curies":[{"name":"wp","href":"https:\/\/api.w.org\/{rel}","templated":true}]}}